{"id":110,"date":"2017-08-16T17:19:34","date_gmt":"2017-08-16T20:19:34","guid":{"rendered":"http:\/\/sindojus.hospedagemtemporaria.tk\/?page_id=110"},"modified":"2019-02-08T10:11:04","modified_gmt":"2019-02-08T12:11:04","slug":"lista-de-interesses","status":"publish","type":"page","link":"https:\/\/www.sindojusmg.org.br\/site\/lista-de-interesses\/","title":{"rendered":"Lista de interesses"},"content":{"rendered":"<h4 style=\"text-align: justify;\">Canal de divulga\u00e7\u00e3o\u00a0para\u00a0interessados em\u00a0PERMUTA\u00a0SINDOJUS\/MG<\/h4>\n<p><img decoding=\"async\" class=\"alignright lazyload\" data-src=\"https:\/\/www.sindojusmg.org.br\/site\/permuta.png\" alt=\"Clique aqui\" src=\"data:image\/gif;base64,R0lGODlhAQABAAAAACH5BAEKAAEALAAAAAABAAEAAAICTAEAOw==\" \/><noscript><img decoding=\"async\" class=\"alignright\" src=\"https:\/\/www.sindojusmg.org.br\/site\/permuta.png\" alt=\"Clique aqui\" \/><\/noscript><\/p>\n<div class=\"clearfix\" style=\"text-align: justify;\">\n<p>Se voc\u00ea tem interesse em realizar a permuta de sua comarca, utilize os links abaixo para acessar a informa\u00e7\u00e3o desejada.<\/p>\n<p>No link <span style=\"color: #000080;\"><a href=\"https:\/\/www.sindojusmg.org.br\/site\/wp-content\/uploads\/2017\/02\/Portaria_da_Presidencia_2765-2012.pdf\"><strong>Portaria e Requerimento de Permuta<\/strong><\/a><\/span> voc\u00ea poder\u00e1 ler na integra a PORTARIA N\u00ba 2765\/2012\u00a0para a realiza\u00e7\u00e3o deste procedimento, bem como a ficha de REQUERIMENTO.<\/p>\n<ul>\n<li><strong><a href=\"https:\/\/www.sindojusmg.org.br\/site\/lista-de-interesses\/cadastro-permuta\"><span style=\"color: #000080;\">Cadastro para Permuta &#8211; Clique aqui e cadastre seu interesse.<\/span><\/a><\/strong><\/li>\n<li><span style=\"color: #000080;\"><strong><a class=\"requerimento_permuta\" href=\"https:\/\/www.sindojusmg.org.br\/site\/wp-content\/uploads\/2017\/02\/Portaria_da_Presidencia_2765-2012.pdf\" target=\"_blank\" rel=\"noopener\">Portaria e Requerimento de Permuta<\/a><\/strong><\/span><\/li>\n<li><span style=\"color: #000080;\"><strong><a href=\"https:\/\/www.sindojusmg.org.br\/site\/wp-content\/uploads\/2017\/02\/Portaria_da_Presidencia_2765-2012.pdf\">Portaria da Presid\u00eancia 2765-2012<\/a><\/strong><\/span><\/li>\n<\/ul>\n<p>&nbsp;<\/p>\n<p>Acompanhe abaixo a lista de interesse em permuta de outros membros do SINDOJUS\/MG.<\/p>\n<\/div>\n<p style=\"text-align: justify;\">\t<div class=\"shortcode-lista-interesses\">\n\t\t<table class=\"datatable table table-striped table-hover table-condensed\">\n\t\t\t<thead>\n\t\t\t\t<tr>\n\t\t\t\t\t<td>ORIGEM<\/td>\n\t\t\t\t\t<td>INTERESSE<\/td>\n\t\t\t\t\t<td>NOME COMPLETO<\/td>\n\t\t\t\t\t<td>CELULAR<\/td>\n\t\t\t\t\t<td>E-MAIL<\/td>\n\t\t\t\t<\/tr>\n\t\t\t<\/thead>\n\t\t\t<tbody>\n\t\t\t\t\t\t\t\t<tr>\n\t\t\t\t\t\t<td>\n\t\t\t\t\t\tS\u00c3O JO\u00c3O DA PONTE<\/td>\n\t\t\t\t\t\t<td>\n\t\t\t\t\t\tMONTES CLAROS, <\/td>\n\t\t\t\t\t\t<td>SILVIA GUIMARAES MORATORI<\/td>\n\t\t\t\t\t\t<td>(38) 99150-1860,(38) 99150-1860<\/td>\n\t\t\t\t\t\t<td>silviaguimaraesmoratori@gmail.com<\/td>\n\t\t\t\t\t<\/tr>\n\t\t\t\t\t\t\t\t\t<tr>\n\t\t\t\t\t\t<td>\n\t\t\t\t\t\tLAGOA SANTA<\/td>\n\t\t\t\t\t\t<td>\n\t\t\t\t\t\tSANTA LUZIA, VESPASIANO, <\/td>\n\t\t\t\t\t\t<td>Claudia Londe Hormidas<\/td>\n\t\t\t\t\t\t<td>(31) 9431-5102,<\/td>\n\t\t\t\t\t\t<td>claudialonde@gmail.com<\/td>\n\t\t\t\t\t<\/tr>\n\t\t\t\t\t\t\t\t\t<tr>\n\t\t\t\t\t\t<td>\n\t\t\t\t\t\tCANDEIAS<\/td>\n\t\t\t\t\t\t<td>\n\t\t\t\t\t\tCARMO DE MINAS, <\/td>\n\t\t\t\t\t\t<td>CAROLINA CUNHA DOS REIS<\/td>\n\t\t\t\t\t\t<td>(37) 99114-8083,<\/td>\n\t\t\t\t\t\t<td><\/td>\n\t\t\t\t\t<\/tr>\n\t\t\t\t\t\t\t\t\t<tr>\n\t\t\t\t\t\t<td>\n\t\t\t\t\t\tPO\u00c7OS DE CALDAS<\/td>\n\t\t\t\t\t\t<td>\n\t\t\t\t\t\tVARGINHA, <\/td>\n\t\t\t\t\t\t<td>JURANDIR MAGALH\u00c3ES DE AGUIAR<\/td>\n\t\t\t\t\t\t<td>(35) 99197-5083,(35) 3714-2877<\/td>\n\t\t\t\t\t\t<td>juran.aguiar@gmail.com<\/td>\n\t\t\t\t\t<\/tr>\n\t\t\t\t\t\t\t\t\t<tr>\n\t\t\t\t\t\t<td>\n\t\t\t\t\t\tEL\u00d3I MENDES<\/td>\n\t\t\t\t\t\t<td>\n\t\t\t\t\t\tCAMBUQUIRA, CAMPANHA, CONCEI\u00c7\u00c3O DO RIO VERDE, TR\u00caS CORA\u00c7\u00d5ES, VARGINHA, <\/td>\n\t\t\t\t\t\t<td>klebeane de Carvalho Lima Botelho<\/td>\n\t\t\t\t\t\t<td>(35) 99916-6724,<\/td>\n\t\t\t\t\t\t<td>klebicarvalho@gmail.com<\/td>\n\t\t\t\t\t<\/tr>\n\t\t\t\t\t\t\t\t\t<tr>\n\t\t\t\t\t\t<td>\n\t\t\t\t\t\tVAZANTE<\/td>\n\t\t\t\t\t\t<td>\n\t\t\t\t\t\tCAMARCA DE BOA ESPERAN\u00c7A, <\/td>\n\t\t\t\t\t\t<td>Mariana L\u00facia Afonso<\/td>\n\t\t\t\t\t\t<td>(34) 99947-3538,<\/td>\n\t\t\t\t\t\t<td>afonsomariana91@gmail.com<\/td>\n\t\t\t\t\t<\/tr>\n\t\t\t\t\t\t\t\t\t<tr>\n\t\t\t\t\t\t<td>\n\t\t\t\t\t\tBUENO BRAND\u00c3O<\/td>\n\t\t\t\t\t\t<td>\n\t\t\t\t\t\tBELO HORIZONTE, BETIM, CONTAGEM, IBIRIT\u00c9, <\/td>\n\t\t\t\t\t\t<td>ANTONIO ALESSANDRO DA SILVA<\/td>\n\t\t\t\t\t\t<td>(31) 99361-5033,(31) 99361-5033<\/td>\n\t\t\t\t\t\t<td>antonioalessandro@bikerider.com<\/td>\n\t\t\t\t\t<\/tr>\n\t\t\t\t\t\t\t\t\t<tr>\n\t\t\t\t\t\t<td>\n\t\t\t\t\t\tBONFIM<\/td>\n\t\t\t\t\t\t<td>\n\t\t\t\t\t\tBRUMADINHO, LAGOA SANTA, NOVA LIMA, PEDRO LEOPOLDO, SANTA LUZIA, SETE LAGOAS, <\/td>\n\t\t\t\t\t\t<td>EDUARDA GERALDA DE SOUZA PARREIRAS<\/td>\n\t\t\t\t\t\t<td>(31) 99520-5196,(31) 99785-6770<\/td>\n\t\t\t\t\t\t<td>parreirasduda@gmail.com<\/td>\n\t\t\t\t\t<\/tr>\n\t\t\t\t\t\t\t\t\t<tr>\n\t\t\t\t\t\t<td>\n\t\t\t\t\t\tBELO HORIZONTE<\/td>\n\t\t\t\t\t\t<td>\n\t\t\t\t\t\tAIMOR\u00c9S, MANHUA\u00c7U, <\/td>\n\t\t\t\t\t\t<td>Daniela Faria de Freitas<\/td>\n\t\t\t\t\t\t<td>(31) 9556-0478,(31) 3312-2806<\/td>\n\t\t\t\t\t\t<td>danybhfreitas@yahoo.com.br<\/td>\n\t\t\t\t\t<\/tr>\n\t\t\t\t\t\t\t\t\t<tr>\n\t\t\t\t\t\t<td>\n\t\t\t\t\t\tNOVA SERRANA<\/td>\n\t\t\t\t\t\t<td>\n\t\t\t\t\t\tPAR\u00c1 DE MINAS, <\/td>\n\t\t\t\t\t\t<td>Fernanda Teixeira Almeida<\/td>\n\t\t\t\t\t\t<td>\t(37) 99108-6698,<\/td>\n\t\t\t\t\t\t<td>nandinha_talmeida@yahoo.com.br<\/td>\n\t\t\t\t\t<\/tr>\n\t\t\t\t\t\t\t\t\t<tr>\n\t\t\t\t\t\t<td>\n\t\t\t\t\t\tABAET\u00c9<\/td>\n\t\t\t\t\t\t<td>\n\t\t\t\t\t\tBAEPENDI, CAMBUQUIRA, CAXAMBU, EL\u00d3I MENDES, LAMBARI, PARAGUA\u00c7U, S\u00c3O LOUREN\u00c7O, TR\u00caS CORA\u00c7\u00d5ES, TR\u00caS PONTAS, VARGINHA, <\/td>\n\t\t\t\t\t\t<td>Thamiris Braga Nogueira<\/td>\n\t\t\t\t\t\t<td>(35) 98421-4532,(35) 98421-4532<\/td>\n\t\t\t\t\t\t<td>thamirisbraga@hotmail.com<\/td>\n\t\t\t\t\t<\/tr>\n\t\t\t\t\t\t\t\t\t<tr>\n\t\t\t\t\t\t<td>\n\t\t\t\t\t\tENTRE-RIOS DE MINAS<\/td>\n\t\t\t\t\t\t<td>\n\t\t\t\t\t\tCONSELHEIRO LAFAIETE, ITABIRITO, <\/td>\n\t\t\t\t\t\t<td>KLEBER ANTONIO PEREIRA CARVALHO<\/td>\n\t\t\t\t\t\t<td>(31) 99850-6112,<\/td>\n\t\t\t\t\t\t<td>carvalhotradecoin@gmail.com<\/td>\n\t\t\t\t\t<\/tr>\n\t\t\t\t\t\t\t\t\t<tr>\n\t\t\t\t\t\t<td>\n\t\t\t\t\t\tCOMRCA DE MANHUMIRIM<\/td>\n\t\t\t\t\t\t<td>\n\t\t\t\t\t\tBICAS, LIMA DUARTE, MAR DE ESPANHA, MATIAS BARBOSA, MERC\u00caS, RIO NOVO, RIO POMBA, RIO PRETO, S\u00c3O JO\u00c3O NEPOMUCENO, VISCONDE DO RIO BRANCO, JUIZ DE FORA, <\/td>\n\t\t\t\t\t\t<td>MARCELLE POMPERMAYER DE MATTOS<\/td>\n\t\t\t\t\t\t<td>31 8828-8357,<\/td>\n\t\t\t\t\t\t<td>mardemat@yahoo.com.br<\/td>\n\t\t\t\t\t<\/tr>\n\t\t\t\t\t\t\t\t\t<tr>\n\t\t\t\t\t\t<td>\n\t\t\t\t\t\tUBERL\u00c2NDIA<\/td>\n\t\t\t\t\t\t<td>\n\t\t\t\t\t\tALFENAS, EL\u00d3I MENDES, LAVRAS, NEPOMUCENO, TR\u00caS PONTAS, VARGINHA, <\/td>\n\t\t\t\t\t\t<td>Joao batista pereira<\/td>\n\t\t\t\t\t\t<td>(34) 9660-3515,(34) 3228-8335<\/td>\n\t\t\t\t\t\t<td>Oficialjbudi@gmail.com<\/td>\n\t\t\t\t\t<\/tr>\n\t\t\t\t\t\t\t\t\t<tr>\n\t\t\t\t\t\t<td>\n\t\t\t\t\t\tARAGUARI<\/td>\n\t\t\t\t\t\t<td>\n\t\t\t\t\t\tGOVERNADOR VALADARES, <\/td>\n\t\t\t\t\t\t<td>Danilo Esteves<\/td>\n\t\t\t\t\t\t<td>(34) 99156-2080,<\/td>\n\t\t\t\t\t\t<td>d.estevesramos@yahoo.com.br<\/td>\n\t\t\t\t\t<\/tr>\n\t\t\t\t\t\t\t\t\t<tr>\n\t\t\t\t\t\t<td>\n\t\t\t\t\t\tCONGONHAS<\/td>\n\t\t\t\t\t\t<td>\n\t\t\t\t\t\tCONSELHEIRO LAFAIETE, <\/td>\n\t\t\t\t\t\t<td>Fernanda paula mattos pereira<\/td>\n\t\t\t\t\t\t<td>(31) 98661-1856,(31) 3721-3006<\/td>\n\t\t\t\t\t\t<td>fernandapaula1177489@gmail.com<\/td>\n\t\t\t\t\t<\/tr>\n\t\t\t\t\t\t\t\t\t<tr>\n\t\t\t\t\t\t<td>\n\t\t\t\t\t\tIPATINGA<\/td>\n\t\t\t\t\t\t<td>\n\t\t\t\t\t\tBELO HORIZONTE, <\/td>\n\t\t\t\t\t\t<td>Joelly Mary vaz de oliveira<\/td>\n\t\t\t\t\t\t<td>(31) 98486-7284,(31) 3828-6531<\/td>\n\t\t\t\t\t\t<td>oliveirajoelly66@gmail.com<\/td>\n\t\t\t\t\t<\/tr>\n\t\t\t\t\t\t\t\t\t<tr>\n\t\t\t\t\t\t<td>\n\t\t\t\t\t\tTIM\u00d3TEO<\/td>\n\t\t\t\t\t\t<td>\n\t\t\t\t\t\tIPATINGA, ITABIRA, JO\u00c3O MONLEVADE, <\/td>\n\t\t\t\t\t\t<td>Luciana Pereira Torres<\/td>\n\t\t\t\t\t\t<td>(31) 99770-2409,<\/td>\n\t\t\t\t\t\t<td>lupereira2478@gmail.com<\/td>\n\t\t\t\t\t<\/tr>\n\t\t\t\t\t\t\t\t\t<tr>\n\t\t\t\t\t\t<td>\n\t\t\t\t\t\tRIBEIR\u00c3O DAS NEVES<\/td>\n\t\t\t\t\t\t<td>\n\t\t\t\t\t\tBELO HORIZONTE, CONTAGEM, SABAR\u00c1, SANTA LUZIA, <\/td>\n\t\t\t\t\t\t<td>ANA MARIA MACHADO<\/td>\n\t\t\t\t\t\t<td>(31) 97590-8026,<\/td>\n\t\t\t\t\t\t<td>ninhamsm@hotmail.com<\/td>\n\t\t\t\t\t<\/tr>\n\t\t\t\t\t\t\t\t\t<tr>\n\t\t\t\t\t\t<td>\n\t\t\t\t\t\tMERC\u00caS<\/td>\n\t\t\t\t\t\t<td>\n\t\t\t\t\t\tAIURUOCA, ARAX\u00c1, BAEPENDI, CAMPOS ALTOS, CARMO DE MINAS, CARMO DO RIO CLARO, CARM\u00d3POLIS DE MINAS, CATAGUASES, CL\u00c1UDIO, CONCEI\u00c7\u00c3O DO RIO VERDE, CRISTINA, CRUZ\u00cdLIA, LAGOA DA PRATA, NEPOMUCENO, OLIVEIRA, PASSA-QUATRO, PASSA-TEMPO, POMP\u00c9U, RIO NOVO, S\u00c3O JO\u00c3O NEPOMUCENO, S\u00c3O LOUREN\u00c7O, VI\u00c7OSA, VISCONDE DO RIO BRANCO, <\/td>\n\t\t\t\t\t\t<td>Leonardo jose da silva<\/td>\n\t\t\t\t\t\t<td>(35) 99734-5363,(35) 99734-5363<\/td>\n\t\t\t\t\t\t<td>leo.moreira11@yahoo.com.br<\/td>\n\t\t\t\t\t<\/tr>\n\t\t\t\t\t\t\t\t\t<tr>\n\t\t\t\t\t\t<td>\n\t\t\t\t\t\tJO\u00c3O MONLEVADE<\/td>\n\t\t\t\t\t\t<td>\n\t\t\t\t\t\tBELO HORIZONTE, CURVELO, MATOZINHOS, PAR\u00c1 DE MINAS, PARAOPEBA, SETE LAGOAS, <\/td>\n\t\t\t\t\t\t<td>Edivarde Ferreira da Silva<\/td>\n\t\t\t\t\t\t<td>(31) 9675-6270,(31) 9797-4050<\/td>\n\t\t\t\t\t\t<td>edivardeferreira@yahoo.com.br<\/td>\n\t\t\t\t\t<\/tr>\n\t\t\t\t\t\t\t\t\t<tr>\n\t\t\t\t\t\t<td>\n\t\t\t\t\t\tUBERL\u00c2NDIA<\/td>\n\t\t\t\t\t\t<td>\n\t\t\t\t\t\tUBERABA, <\/td>\n\t\t\t\t\t\t<td>Vanessa Pires de Oliveira<\/td>\n\t\t\t\t\t\t<td>(34) 99214-2360,(34) 3312-1159<\/td>\n\t\t\t\t\t\t<td>vanessinhapires@hotmail.com<\/td>\n\t\t\t\t\t<\/tr>\n\t\t\t\t\t\t\t\t\t<tr>\n\t\t\t\t\t\t<td>\n\t\t\t\t\t\tJO\u00c3O PINHEIRO<\/td>\n\t\t\t\t\t\t<td>\n\t\t\t\t\t\tPATOS DE MINAS, <\/td>\n\t\t\t\t\t\t<td>Erimar Francisca de Souza<\/td>\n\t\t\t\t\t\t<td>(38) 99806-8763,<\/td>\n\t\t\t\t\t\t<td>Mazinhajsnda@gmail.com<\/td>\n\t\t\t\t\t<\/tr>\n\t\t\t\t\t\t\t\t\t<tr>\n\t\t\t\t\t\t<td>\n\t\t\t\t\t\tMERC\u00caS<\/td>\n\t\t\t\t\t\t<td>\n\t\t\t\t\t\tAIURUOCA, AL\u00c9M PARA\u00cdBA, BAEPENDI, BICAS, CAMBUQUIRA, CAMPANHA, CARMO DA MATA, CARMO DO RIO CLARO, CARM\u00d3POLIS DE MINAS, CATAGUASES, CAXAMBU, CONCEI\u00c7\u00c3O DO RIO VERDE, LEOPOLDINA, MAR DE ESPANHA, PASSA-QUATRO, RIO NOVO, TR\u00caS PONTAS, UB\u00c1, VISCONDE DO RIO BRANCO, <\/td>\n\t\t\t\t\t\t<td>Leonardo jose da silva<\/td>\n\t\t\t\t\t\t<td>(35) 98704-3454,<\/td>\n\t\t\t\t\t\t<td>leo.moreira11@yahoo.com.br<\/td>\n\t\t\t\t\t<\/tr>\n\t\t\t\t\t\t\t\t\t<tr>\n\t\t\t\t\t\t<td>\n\t\t\t\t\t\tSENADOR FIRMINO<\/td>\n\t\t\t\t\t\t<td>\n\t\t\t\t\t\tBELO HORIZONTE, DIVIN\u00d3POLIS, JUIZ DE FORA, MARIANA, OURO PRETO, S\u00c3O JO\u00c3O DEL-REI, <\/td>\n\t\t\t\t\t\t<td>Z\u00e9lia Teixeira Laud filha<\/td>\n\t\t\t\t\t\t<td>(32) 8456-2281,<\/td>\n\t\t\t\t\t\t<td>zelialaud@gmail.com<\/td>\n\t\t\t\t\t<\/tr>\n\t\t\t\t\t\t\t\t\t<tr>\n\t\t\t\t\t\t<td>\n\t\t\t\t\t\tUB\u00c1<\/td>\n\t\t\t\t\t\t<td>\n\t\t\t\t\t\tJUIZ DE FORA, VI\u00c7OSA, <\/td>\n\t\t\t\t\t\t<td>Edina Maria Balbino da Costa<\/td>\n\t\t\t\t\t\t<td>(32) 99928-6035,(32) 3551-6061<\/td>\n\t\t\t\t\t\t<td>edinambal@gmail.com<\/td>\n\t\t\t\t\t<\/tr>\n\t\t\t\t\t\t\t\t\t<tr>\n\t\t\t\t\t\t<td>\n\t\t\t\t\t\tUB\u00c1<\/td>\n\t\t\t\t\t\t<td>\n\t\t\t\t\t\tESPERA FELIZ, <\/td>\n\t\t\t\t\t\t<td>Alessandro de Oliveira Gon\u00e7alves<\/td>\n\t\t\t\t\t\t<td>(32) 99965-6544,<\/td>\n\t\t\t\t\t\t<td>ale.oficialdejustica@gmail.com<\/td>\n\t\t\t\t\t<\/tr>\n\t\t\t\t\t\t\t\t\t<tr>\n\t\t\t\t\t\t<td>\n\t\t\t\t\t\tBRAZ\u00d3POLIS<\/td>\n\t\t\t\t\t\t<td>\n\t\t\t\t\t\tBAEPENDI, CAMBUQUIRA, CARMO DE MINAS, CAXAMBU, CONCEI\u00c7\u00c3O DO RIO VERDE, CRUZ\u00cdLIA, S\u00c3O LOUREN\u00c7O, <\/td>\n\t\t\t\t\t\t<td>Elaine Mancilha Santos<\/td>\n\t\t\t\t\t\t<td>(35) 99987-5670,35999875670<\/td>\n\t\t\t\t\t\t<td>elainemancilhasantos@yahoo.com.br<\/td>\n\t\t\t\t\t<\/tr>\n\t\t\t\t\t\t\t\t\t<tr>\n\t\t\t\t\t\t<td>\n\t\t\t\t\t\tITANHOMI<\/td>\n\t\t\t\t\t\t<td>\n\t\t\t\t\t\tBELO HORIZONTE, <\/td>\n\t\t\t\t\t\t<td>Larissa Goncalves da Silva<\/td>\n\t\t\t\t\t\t<td>(33) 99816-0081,<\/td>\n\t\t\t\t\t\t<td>Larissa.oficiala@gmail.com<\/td>\n\t\t\t\t\t<\/tr>\n\t\t\t\t\t\t\t\t\t<tr>\n\t\t\t\t\t\t<td>\n\t\t\t\t\t\tRIO POMBA<\/td>\n\t\t\t\t\t\t<td>\n\t\t\t\t\t\tJUIZ DE FORA, <\/td>\n\t\t\t\t\t\t<td>D\u00e9bora Mara Teixeira Silva<\/td>\n\t\t\t\t\t\t<td>(32) 98855-2123,<\/td>\n\t\t\t\t\t\t<td>deboramarat@gmail.com<\/td>\n\t\t\t\t\t<\/tr>\n\t\t\t\t\t\t\t\t\t<tr>\n\t\t\t\t\t\t<td>\n\t\t\t\t\t\tCONTAGEM<\/td>\n\t\t\t\t\t\t<td>\n\t\t\t\t\t\tBURITIS, UBERL\u00c2NDIA, UNA\u00cd, <\/td>\n\t\t\t\t\t\t<td>Erica rivelli Silva Machado<\/td>\n\t\t\t\t\t\t<td>(31) 9630-3737,<\/td>\n\t\t\t\t\t\t<td>ericatenas@hotmail.com<\/td>\n\t\t\t\t\t<\/tr>\n\t\t\t\t\t\t\t\t\t<tr>\n\t\t\t\t\t\t<td>\n\t\t\t\t\t\tPOUSO ALEGRE<\/td>\n\t\t\t\t\t\t<td>\n\t\t\t\t\t\tALFENAS, CALDAS, PO\u00c7OS DE CALDAS, SANTA RITA DO SAPUCA\u00cd, <\/td>\n\t\t\t\t\t\t<td>Fabiana Dalben<\/td>\n\t\t\t\t\t\t<td>(34) 99138-0497,(35) 3421-1268<\/td>\n\t\t\t\t\t\t<td>fabiana.dalben@outlook.com<\/td>\n\t\t\t\t\t<\/tr>\n\t\t\t\t\t\t\t\t\t<tr>\n\t\t\t\t\t\t<td>\n\t\t\t\t\t\tBELO HORIZONTE<\/td>\n\t\t\t\t\t\t<td>\n\t\t\t\t\t\tPONTE NOVA, <\/td>\n\t\t\t\t\t\t<td>Paula Soares de Souza Lima da Silveira<\/td>\n\t\t\t\t\t\t<td>(31) 98787-8707,<\/td>\n\t\t\t\t\t\t<td>paulassl@hotmail.com<\/td>\n\t\t\t\t\t<\/tr>\n\t\t\t\t\t\t\t\t\t<tr>\n\t\t\t\t\t\t<td>\n\t\t\t\t\t\tMERC\u00caS<\/td>\n\t\t\t\t\t\t<td>\n\t\t\t\t\t\tBELO HORIZONTE, BETIM, CONTAGEM, DIVIN\u00d3POLIS, NOVA LIMA, NOVA SERRANA, PAR\u00c1 DE MINAS, PARAIS\u00d3POLIS, PASSA-QUATRO, <\/td>\n\t\t\t\t\t\t<td>ZELIA TEIXEIRA<\/td>\n\t\t\t\t\t\t<td>,(32)  984562281, 999906441<\/td>\n\t\t\t\t\t\t<td>ZELIALAUD@ GMAIL.COM<\/td>\n\t\t\t\t\t<\/tr>\n\t\t\t\t\t\t\t\t\t<tr>\n\t\t\t\t\t\t<td>\n\t\t\t\t\t\tNOVA SERRANA<\/td>\n\t\t\t\t\t\t<td>\n\t\t\t\t\t\tJANU\u00c1RIA, MONTES CLAROS, <\/td>\n\t\t\t\t\t\t<td>VIN\u00cdCIUS AGUIAR<\/td>\n\t\t\t\t\t\t<td>,(37) 998667714<\/td>\n\t\t\t\t\t\t<td>STC-MG@ BOL.COM.BR<\/td>\n\t\t\t\t\t<\/tr>\n\t\t\t\t\t\t\t<\/tbody>\n\t\t<\/table>\n\t<\/div>\n\t<\/p>\n","protected":false},"excerpt":{"rendered":"<p>Canal de divulga\u00e7\u00e3o\u00a0para\u00a0interessados em\u00a0PERMUTA\u00a0SINDOJUS\/MG Se voc\u00ea tem interesse em realizar a permuta de sua comarca, utilize os links abaixo para acessar a informa\u00e7\u00e3o desejada. No link Portaria e Requerimento de Permuta voc\u00ea poder\u00e1 ler na integra a PORTARIA N\u00ba 2765\/2012\u00a0para a realiza\u00e7\u00e3o deste procedimento, bem como a ficha de REQUERIMENTO. Cadastro para Permuta &#8211; Clique [&hellip;]<\/p>\n","protected":false},"author":36,"featured_media":0,"parent":0,"menu_order":0,"comment_status":"closed","ping_status":"closed","template":"","meta":{"_acf_changed":false,"footnotes":""},"class_list":["post-110","page","type-page","status-publish","hentry"],"acf":[],"_links":{"self":[{"href":"https:\/\/www.sindojusmg.org.br\/site\/wp-json\/wp\/v2\/pages\/110","targetHints":{"allow":["GET"]}}],"collection":[{"href":"https:\/\/www.sindojusmg.org.br\/site\/wp-json\/wp\/v2\/pages"}],"about":[{"href":"https:\/\/www.sindojusmg.org.br\/site\/wp-json\/wp\/v2\/types\/page"}],"author":[{"embeddable":true,"href":"https:\/\/www.sindojusmg.org.br\/site\/wp-json\/wp\/v2\/users\/36"}],"replies":[{"embeddable":true,"href":"https:\/\/www.sindojusmg.org.br\/site\/wp-json\/wp\/v2\/comments?post=110"}],"version-history":[{"count":0,"href":"https:\/\/www.sindojusmg.org.br\/site\/wp-json\/wp\/v2\/pages\/110\/revisions"}],"wp:attachment":[{"href":"https:\/\/www.sindojusmg.org.br\/site\/wp-json\/wp\/v2\/media?parent=110"}],"curies":[{"name":"wp","href":"https:\/\/api.w.org\/{rel}","templated":true}]}}